{"id":904,"date":"2019-05-23T14:27:38","date_gmt":"2019-05-23T14:27:38","guid":{"rendered":"https:\/\/mtprod.be\/?page_id=904"},"modified":"2019-05-27T10:57:41","modified_gmt":"2019-05-27T10:57:41","slug":"gestion-des-cookies","status":"publish","type":"page","link":"https:\/\/mtprod.be\/en\/gestion-des-cookies\/","title":{"rendered":"Cookie management"},"content":{"rendered":"<p> S&rsquo;il vous pla\u00eet activez les cookies strictement n\u00e9cessaires d&rsquo;abord afin que nous puissions sauvegarder vos pr\u00e9f\u00e9rences!<\/p>\n\n\n\n<p>You can find out more about which cookies we are using or switch them off in<\/p>\n\n\n\n<p>Ce document \u00e9tant susceptible de subir des modifications, nous vous conseillons de le consulter r\u00e9guli\u00e8rement afin de consentir \u00e0 la proc\u00e9dure en vigueur le jour o\u00f9 vous visitez ce site. Aucune modification de notre politique de confidentialit\u00e9 n\u2019aura d\u2019effet r\u00e9troactif \u00e0 moins que la loi n\u2019en dispose autrement.<\/p>\n\n\n\n<p>\nCe\nsite utilise des cookies \u2013 de petits fichiers texte qui sont plac\u00e9s\nsur votre machine pour aider le site \u00e0 fournir une meilleure\nexp\u00e9rience utilisateur. En g\u00e9n\u00e9ral, les cookies sont utilis\u00e9s\npour conserver les pr\u00e9f\u00e9rences de l\u2019utilisateur, stocker des\ninformations pour des choses comme les paniers d\u2019achat et fournir\ndes donn\u00e9es de suivi anonymis\u00e9es \u00e0 des applications tierces comme\nGoogle Analytics. En r\u00e8gle g\u00e9n\u00e9rale, les cookies rendront votre\nexp\u00e9rience de navigation meilleure. Toutefois, vous pouvez pr\u00e9f\u00e9rer\nd\u00e9sactiver les cookies sur ce site et sur d\u2019autres. Le moyen le\nplus efficace consiste \u00e0 d\u00e9sactiver les cookies dans votre\nnavigateur. Nous vous sugg\u00e9rons de consulter la section Aide de\nvotre navigateur.<\/p>\n\n\n\n<p>Nous contacter :<\/p>\n\n\n\n<p>MT PROD<\/p>\n\n\n\n<p> 99, Benonchamps<br> 6600 Bastogne \u2013 Belgique<br> info@mtprod.be<\/p>\n\n\n\n<p>Mise \u00e0 jour 23\/05\/2019<\/p>\n\n\n\n<p>La pr\u00e9sente gestion des cookies peut \u00eatre mise \u00e0 jour p\u00e9riodiquement et sans pr\u00e9avis afin de refl\u00e9ter les changements dans nos pratiques de traitement des informations personnelles.<\/p>","protected":false},"excerpt":{"rendered":"<p>S&rsquo;il vous pla\u00eet activez les cookies strictement n\u00e9cessaires d&rsquo;abord afin que nous puissions sauvegarder vos pr\u00e9f\u00e9rences! En poursuivant votre navigation sur ce site, vous acceptez l\u2019utilisation des cookies pour vous proposer la meilleure exp\u00e9rience de navigation. Ce document \u00e9tant susceptible de subir des modifications, nous vous conseillons de le consulter r\u00e9guli\u00e8rement afin de consentir \u00e0 &hellip;<\/p>","protected":false},"author":1,"featured_media":0,"parent":0,"menu_order":0,"comment_status":"closed","ping_status":"closed","template":"","meta":{"footnotes":""},"class_list":["post-904","page","type-page","status-publish","hentry","entry entry-center"],"_links":{"self":[{"href":"https:\/\/mtprod.be\/en\/wp-json\/wp\/v2\/pages\/904","targetHints":{"allow":["GET"]}}],"collection":[{"href":"https:\/\/mtprod.be\/en\/wp-json\/wp\/v2\/pages"}],"about":[{"href":"https:\/\/mtprod.be\/en\/wp-json\/wp\/v2\/types\/page"}],"author":[{"embeddable":true,"href":"https:\/\/mtprod.be\/en\/wp-json\/wp\/v2\/users\/1"}],"replies":[{"embeddable":true,"href":"https:\/\/mtprod.be\/en\/wp-json\/wp\/v2\/comments?post=904"}],"version-history":[{"count":5,"href":"https:\/\/mtprod.be\/en\/wp-json\/wp\/v2\/pages\/904\/revisions"}],"predecessor-version":[{"id":910,"href":"https:\/\/mtprod.be\/en\/wp-json\/wp\/v2\/pages\/904\/revisions\/910"}],"wp:attachment":[{"href":"https:\/\/mtprod.be\/en\/wp-json\/wp\/v2\/media?parent=904"}],"curies":[{"name":"wp","href":"https:\/\/api.w.org\/{rel}","templated":true}]}}