{"id":88,"date":"2019-03-26T15:17:58","date_gmt":"2019-03-26T15:17:58","guid":{"rendered":"https:\/\/mtprod.be\/?page_id=88"},"modified":"2020-05-19T20:25:55","modified_gmt":"2020-05-19T20:25:55","slug":"qui-suis-je","status":"publish","type":"page","link":"https:\/\/mtprod.be\/en\/qui-suis-je\/","title":{"rendered":"Who am i ?"},"content":{"rendered":"<div data-elementor-type=\"wp-post\" data-elementor-id=\"88\" class=\"elementor elementor-88\" data-elementor-post-type=\"page\">\n\t\t\t\t\t\t<section class=\"elementor-section elementor-top-section elementor-element elementor-element-a089327 elementor-section-full_width elementor-section-height-default elementor-section-height-default\" data-id=\"a089327\" data-element_type=\"section\" data-settings=\"{&quot;background_background&quot;:&quot;classic&quot;}\">\n\t\t\t\t\t\t<div class=\"elementor-container elementor-column-gap-default\">\n\t\t\t\t\t<div class=\"elementor-column elementor-col-100 elementor-top-column elementor-element elementor-element-8b45940\" data-id=\"8b45940\" data-element_type=\"column\">\n\t\t\t<div class=\"elementor-widget-wrap elementor-element-populated\">\n\t\t\t\t\t\t<div class=\"elementor-element elementor-element-742b1f8 elementor-widget elementor-widget-heading\" data-id=\"742b1f8\" data-element_type=\"widget\" data-widget_type=\"heading.default\">\n\t\t\t\t<div class=\"elementor-widget-container\">\n\t\t\t\t\t<h2 class=\"elementor-heading-title elementor-size-default\">BIOGRAPHY<\/h2>\t\t\t\t<\/div>\n\t\t\t\t<\/div>\n\t\t\t\t<section class=\"elementor-section elementor-inner-section elementor-element elementor-element-f90a136 elementor-section-height-min-height elementor-section-boxed elementor-section-height-default\" data-id=\"f90a136\" data-element_type=\"section\">\n\t\t\t\t\t\t<div class=\"elementor-container elementor-column-gap-default\">\n\t\t\t\t\t<div class=\"elementor-column elementor-col-50 elementor-inner-column elementor-element elementor-element-21320c2\" data-id=\"21320c2\" data-element_type=\"column\">\n\t\t\t<div class=\"elementor-widget-wrap elementor-element-populated\">\n\t\t\t\t\t\t<div class=\"elementor-element elementor-element-84c18f0 elementor-widget__width-initial elementor-absolute elementor-widget elementor-widget-heading\" data-id=\"84c18f0\" data-element_type=\"widget\" data-settings=\"{&quot;_position&quot;:&quot;absolute&quot;}\" data-widget_type=\"heading.default\">\n\t\t\t\t<div class=\"elementor-widget-container\">\n\t\t\t\t\t<h2 class=\"elementor-heading-title elementor-size-default\">Who is <\/br>\nChristian GERARD ?<\/h2>\t\t\t\t<\/div>\n\t\t\t\t<\/div>\n\t\t\t\t\t<\/div>\n\t\t<\/div>\n\t\t\t\t<div class=\"elementor-column elementor-col-50 elementor-inner-column elementor-element elementor-element-1e08d58\" data-id=\"1e08d58\" data-element_type=\"column\">\n\t\t\t<div class=\"elementor-widget-wrap elementor-element-populated\">\n\t\t\t\t\t\t<div class=\"elementor-element elementor-element-05c748a animated-fast elementor-widget elementor-widget-image\" data-id=\"05c748a\" data-element_type=\"widget\" data-settings=\"{&quot;_animation&quot;:&quot;none&quot;,&quot;_animation_delay&quot;:2500}\" data-widget_type=\"image.default\">\n\t\t\t\t<div class=\"elementor-widget-container\">\n\t\t\t\t\t\t\t\t\t\t\t\t\t\t\t<img fetchpriority=\"high\" decoding=\"async\" width=\"1244\" height=\"700\" src=\"https:\/\/mtprod.be\/wp-content\/uploads\/2019\/03\/detourage.png\" class=\"attachment-full size-full wp-image-373\" alt=\"\" srcset=\"https:\/\/mtprod.be\/wp-content\/uploads\/2019\/03\/detourage.png 1244w, https:\/\/mtprod.be\/wp-content\/uploads\/2019\/03\/detourage-300x169.png 300w, https:\/\/mtprod.be\/wp-content\/uploads\/2019\/03\/detourage-768x432.png 768w, https:\/\/mtprod.be\/wp-content\/uploads\/2019\/03\/detourage-1024x576.png 1024w, https:\/\/mtprod.be\/wp-content\/uploads\/2019\/03\/detourage-420x236.png 420w, https:\/\/mtprod.be\/wp-content\/uploads\/2019\/03\/detourage-780x439.png 780w\" sizes=\"(max-width: 1244px) 100vw, 1244px\" \/>\t\t\t\t\t\t\t\t\t\t\t\t\t\t\t<\/div>\n\t\t\t\t<\/div>\n\t\t\t\t\t<\/div>\n\t\t<\/div>\n\t\t\t\t\t<\/div>\n\t\t<\/section>\n\t\t\t\t\t<\/div>\n\t\t<\/div>\n\t\t\t\t\t<\/div>\n\t\t<\/section>\n\t\t\t\t<section class=\"elementor-section elementor-top-section elementor-element elementor-element-0c5690e elementor-section-boxed elementor-section-height-default elementor-section-height-default\" data-id=\"0c5690e\" data-element_type=\"section\" data-settings=\"{&quot;background_background&quot;:&quot;classic&quot;}\">\n\t\t\t\t\t\t<div class=\"elementor-container elementor-column-gap-default\">\n\t\t\t\t\t<div class=\"elementor-column elementor-col-100 elementor-top-column elementor-element elementor-element-72dae58 animated-slow elementor-invisible\" data-id=\"72dae58\" data-element_type=\"column\" data-settings=\"{&quot;background_background&quot;:&quot;classic&quot;,&quot;animation&quot;:&quot;slideInUp&quot;}\">\n\t\t\t<div class=\"elementor-widget-wrap elementor-element-populated\">\n\t\t\t\t\t\t<div class=\"elementor-element elementor-element-d26e695 elementor-widget elementor-widget-text-editor\" data-id=\"d26e695\" data-element_type=\"widget\" data-widget_type=\"text-editor.default\">\n\t\t\t\t<div class=\"elementor-widget-container\">\n\t\t\t\t\t\t\t\t\t<p>Belgian composer, born in 1971.<\/p><p>Native from Sambreville (BE), he now lives in Bastogne (BE), after having lived in France (Nancy) and in the Grand-Duchy of Luxembourg (Clervaux).<\/p><p>He is graduate of the Royal Academy of Music in Mons (BE).<\/p><p>He teaches classical accordion, music theory, harmony and keyboard (synthesizer, CAM (Computer Aided Music)).<\/p><p>After having taught in numerous Belgian, French and Luxembourg establishments, he now gives lessons at the music school in Echternach (Grand-Duchy of Luxembourg).<\/p>\t\t\t\t\t\t\t\t<\/div>\n\t\t\t\t<\/div>\n\t\t\t\t\t<\/div>\n\t\t<\/div>\n\t\t\t\t\t<\/div>\n\t\t<\/section>\n\t\t\t\t<section class=\"elementor-section elementor-top-section elementor-element elementor-element-3652c39 elementor-section-boxed elementor-section-height-default elementor-section-height-default elementor-invisible\" data-id=\"3652c39\" data-element_type=\"section\" data-settings=\"{&quot;background_background&quot;:&quot;classic&quot;,&quot;animation&quot;:&quot;fadeInUp&quot;}\">\n\t\t\t\t\t\t<div class=\"elementor-container elementor-column-gap-default\">\n\t\t\t\t\t<div class=\"elementor-column elementor-col-50 elementor-top-column elementor-element elementor-element-3ecd0a3\" data-id=\"3ecd0a3\" data-element_type=\"column\" data-settings=\"{&quot;background_background&quot;:&quot;classic&quot;}\">\n\t\t\t<div class=\"elementor-widget-wrap elementor-element-populated\">\n\t\t\t\t\t\t<div class=\"elementor-element elementor-element-b484ba8 elementor-widget elementor-widget-text-editor\" data-id=\"b484ba8\" data-element_type=\"widget\" data-widget_type=\"text-editor.default\">\n\t\t\t\t<div class=\"elementor-widget-container\">\n\t\t\t\t\t\t\t\t\t<p>Outre son travail d&rsquo;enseignant, il m\u00e8ne une carri\u00e8re de compositeur professionnel.<\/p><p>His personal and musical background brought him to create in many musical styles.<\/p><p>His favorite domain is the sound illustration world. <\/br>\nHe composes for movies, advertisements, video games, events...\u00a0<\/p>\t\t\t\t\t\t\t\t<\/div>\n\t\t\t\t<\/div>\n\t\t\t\t<div class=\"elementor-element elementor-element-a0d6b7b elementor-align-center elementor-widget elementor-widget-button\" data-id=\"a0d6b7b\" data-element_type=\"widget\" data-widget_type=\"button.default\">\n\t\t\t\t<div class=\"elementor-widget-container\">\n\t\t\t\t\t\t\t\t\t<div class=\"elementor-button-wrapper\">\n\t\t\t\t\t<a class=\"elementor-button elementor-button-link elementor-size-sm\" href=\"\/en\/portfolio\/\">\n\t\t\t\t\t\t<span class=\"elementor-button-content-wrapper\">\n\t\t\t\t\t\t\t\t\t<span class=\"elementor-button-text\">EXPLORE <font color=\"#842e5e\"> HIS CREATIONS<\/font><\/span>\n\t\t\t\t\t<\/span>\n\t\t\t\t\t<\/a>\n\t\t\t\t<\/div>\n\t\t\t\t\t\t\t\t<\/div>\n\t\t\t\t<\/div>\n\t\t\t\t<div class=\"elementor-element elementor-element-c6f7f6c elementor-widget elementor-widget-text-editor\" data-id=\"c6f7f6c\" data-element_type=\"widget\" data-widget_type=\"text-editor.default\">\n\t\t\t\t<div class=\"elementor-widget-container\">\n\t\t\t\t\t\t\t\t\t<p><span style=\"font-family: Roboto, sans-serif; font-size: 14px; font-style: normal; font-weight: 400;\">For example, this music composed for the show \"Epona\" performed at the royal palace on August 30th, 2009 on the occasion of the Royal Couple's golden wedding. Besides the royal family, a lot of personalities (Ministers) were present at this event.<\/span><\/p>\t\t\t\t\t\t\t\t<\/div>\n\t\t\t\t<\/div>\n\t\t\t\t\t<\/div>\n\t\t<\/div>\n\t\t\t\t<div class=\"elementor-column elementor-col-50 elementor-top-column elementor-element elementor-element-2f53e24\" data-id=\"2f53e24\" data-element_type=\"column\" data-settings=\"{&quot;background_background&quot;:&quot;classic&quot;}\">\n\t\t\t<div class=\"elementor-widget-wrap elementor-element-populated\">\n\t\t\t\t\t\t<div class=\"elementor-element elementor-element-0b184c2 elementor-widget elementor-widget-image\" data-id=\"0b184c2\" data-element_type=\"widget\" data-widget_type=\"image.default\">\n\t\t\t\t<div class=\"elementor-widget-container\">\n\t\t\t\t\t\t\t\t\t\t\t\t\t\t\t<img decoding=\"async\" width=\"640\" height=\"480\" src=\"https:\/\/mtprod.be\/wp-content\/uploads\/2019\/03\/Sur-sc\u00e8ne.jpg\" class=\"attachment-large size-large wp-image-96\" alt=\"\" srcset=\"https:\/\/mtprod.be\/wp-content\/uploads\/2019\/03\/Sur-sc\u00e8ne.jpg 640w, https:\/\/mtprod.be\/wp-content\/uploads\/2019\/03\/Sur-sc\u00e8ne-300x225.jpg 300w\" sizes=\"(max-width: 640px) 100vw, 640px\" \/>\t\t\t\t\t\t\t\t\t\t\t\t\t\t\t<\/div>\n\t\t\t\t<\/div>\n\t\t\t\t\t<\/div>\n\t\t<\/div>\n\t\t\t\t\t<\/div>\n\t\t<\/section>\n\t\t\t\t<section class=\"elementor-section elementor-top-section elementor-element elementor-element-53b88c6 elementor-section-boxed elementor-section-height-default elementor-section-height-default\" data-id=\"53b88c6\" data-element_type=\"section\" data-settings=\"{&quot;background_background&quot;:&quot;classic&quot;,&quot;shape_divider_bottom&quot;:&quot;mountains&quot;}\">\n\t\t\t\t\t<div class=\"elementor-shape elementor-shape-bottom\" aria-hidden=\"true\" data-negative=\"false\">\n\t\t\t<svg xmlns=\"http:\/\/www.w3.org\/2000\/svg\" viewbox=\"0 0 1000 100\" preserveaspectratio=\"none\">\n\t<path class=\"elementor-shape-fill\" opacity=\"0.33\" d=\"M473,67.3c-203.9,88.3-263.1-34-320.3,0C66,119.1,0,59.7,0,59.7V0h1000v59.7 c0,0-62.1,26.1-94.9,29.3c-32.8,3.3-62.8-12.3-75.8-22.1C806,49.6,745.3,8.7,694.9,4.7S492.4,59,473,67.3z\"\/>\n\t<path class=\"elementor-shape-fill\" opacity=\"0.66\" d=\"M734,67.3c-45.5,0-77.2-23.2-129.1-39.1c-28.6-8.7-150.3-10.1-254,39.1 s-91.7-34.4-149.2,0C115.7,118.3,0,39.8,0,39.8V0h1000v36.5c0,0-28.2-18.5-92.1-18.5C810.2,18.1,775.7,67.3,734,67.3z\"\/>\n\t<path class=\"elementor-shape-fill\" d=\"M766.1,28.9c-200-57.5-266,65.5-395.1,19.5C242,1.8,242,5.4,184.8,20.6C128,35.8,132.3,44.9,89.9,52.5C28.6,63.7,0,0,0,0 h1000c0,0-9.9,40.9-83.6,48.1S829.6,47,766.1,28.9z\"\/>\n<\/svg>\t\t<\/div>\n\t\t\t\t\t<div class=\"elementor-container elementor-column-gap-default\">\n\t\t\t\t\t<div class=\"elementor-column elementor-col-100 elementor-top-column elementor-element elementor-element-38217e6\" data-id=\"38217e6\" data-element_type=\"column\">\n\t\t\t<div class=\"elementor-widget-wrap\">\n\t\t\t\t\t\t\t<\/div>\n\t\t<\/div>\n\t\t\t\t\t<\/div>\n\t\t<\/section>\n\t\t\t\t<section class=\"elementor-section elementor-top-section elementor-element elementor-element-1dcc134 elementor-section-boxed elementor-section-height-default elementor-section-height-default elementor-invisible\" data-id=\"1dcc134\" data-element_type=\"section\" data-settings=\"{&quot;background_background&quot;:&quot;classic&quot;,&quot;shape_divider_top&quot;:&quot;mountains&quot;,&quot;animation&quot;:&quot;fadeInUp&quot;}\">\n\t\t\t\t\t<div class=\"elementor-shape elementor-shape-top\" aria-hidden=\"true\" data-negative=\"false\">\n\t\t\t<svg xmlns=\"http:\/\/www.w3.org\/2000\/svg\" viewbox=\"0 0 1000 100\" preserveaspectratio=\"none\">\n\t<path class=\"elementor-shape-fill\" opacity=\"0.33\" d=\"M473,67.3c-203.9,88.3-263.1-34-320.3,0C66,119.1,0,59.7,0,59.7V0h1000v59.7 c0,0-62.1,26.1-94.9,29.3c-32.8,3.3-62.8-12.3-75.8-22.1C806,49.6,745.3,8.7,694.9,4.7S492.4,59,473,67.3z\"\/>\n\t<path class=\"elementor-shape-fill\" opacity=\"0.66\" d=\"M734,67.3c-45.5,0-77.2-23.2-129.1-39.1c-28.6-8.7-150.3-10.1-254,39.1 s-91.7-34.4-149.2,0C115.7,118.3,0,39.8,0,39.8V0h1000v36.5c0,0-28.2-18.5-92.1-18.5C810.2,18.1,775.7,67.3,734,67.3z\"\/>\n\t<path class=\"elementor-shape-fill\" d=\"M766.1,28.9c-200-57.5-266,65.5-395.1,19.5C242,1.8,242,5.4,184.8,20.6C128,35.8,132.3,44.9,89.9,52.5C28.6,63.7,0,0,0,0 h1000c0,0-9.9,40.9-83.6,48.1S829.6,47,766.1,28.9z\"\/>\n<\/svg>\t\t<\/div>\n\t\t\t\t\t<div class=\"elementor-container elementor-column-gap-default\">\n\t\t\t\t\t<div class=\"elementor-column elementor-col-50 elementor-top-column elementor-element elementor-element-94192ef\" data-id=\"94192ef\" data-element_type=\"column\">\n\t\t\t<div class=\"elementor-widget-wrap elementor-element-populated\">\n\t\t\t\t\t\t<div class=\"elementor-element elementor-element-d1a0ddb elementor-widget elementor-widget-image\" data-id=\"d1a0ddb\" data-element_type=\"widget\" data-widget_type=\"image.default\">\n\t\t\t\t<div class=\"elementor-widget-container\">\n\t\t\t\t\t\t\t\t\t\t\t\t\t\t\t<img decoding=\"async\" width=\"200\" height=\"188\" src=\"https:\/\/mtprod.be\/wp-content\/uploads\/2019\/04\/pochette.png\" class=\"attachment-large size-large wp-image-563\" alt=\"\" \/>\t\t\t\t\t\t\t\t\t\t\t\t\t\t\t<\/div>\n\t\t\t\t<\/div>\n\t\t\t\t<div class=\"elementor-element elementor-element-46d3b45 elementor-widget elementor-widget-text-editor\" data-id=\"46d3b45\" data-element_type=\"widget\" data-widget_type=\"text-editor.default\">\n\t\t\t\t<div class=\"elementor-widget-container\">\n\t\t\t\t\t\t\t\t\t<p>The music dedicated to the Child is also one of his big centers of interest.<\/p><p>Following the birth of his daughter in 2002, he released a CD of lullabies<\/p><p>\u00ab\u00a0<strong>Le Chant des \u00e9toiles \u00bb (The Song of the Stars)<\/strong>.<\/p><p><strong>The album quickly met with success<\/strong> and over 13.000 CDs were sold in several European countries !\u00a0<\/p>\t\t\t\t\t\t\t\t<\/div>\n\t\t\t\t<\/div>\n\t\t\t\t<div class=\"elementor-element elementor-element-ee698d6 elementor-align-center elementor-widget elementor-widget-button\" data-id=\"ee698d6\" data-element_type=\"widget\" data-widget_type=\"button.default\">\n\t\t\t\t<div class=\"elementor-widget-container\">\n\t\t\t\t\t\t\t\t\t<div class=\"elementor-button-wrapper\">\n\t\t\t\t\t<a class=\"elementor-button elementor-button-link elementor-size-sm\" href=\"\/en\/le-chant-des-etoiles\/\">\n\t\t\t\t\t\t<span class=\"elementor-button-content-wrapper\">\n\t\t\t\t\t\t\t\t\t<span class=\"elementor-button-text\">BUY <font color=\"#842e5e\">THE ALBUM<\/font><\/span>\n\t\t\t\t\t<\/span>\n\t\t\t\t\t<\/a>\n\t\t\t\t<\/div>\n\t\t\t\t\t\t\t\t<\/div>\n\t\t\t\t<\/div>\n\t\t\t\t<div class=\"elementor-element elementor-element-25f1791 elementor-widget elementor-widget-text-editor\" data-id=\"25f1791\" data-element_type=\"widget\" data-widget_type=\"text-editor.default\">\n\t\t\t\t<div class=\"elementor-widget-container\">\n\t\t\t\t\t\t\t\t\t<p><span style=\"font-family: Roboto, sans-serif; font-size: 14px; font-style: normal; font-weight: 400;\">For these lullabies and other CDs wich were later released, the artist\u00a0<\/span><strong>received words of congratulations and\nencouragement from the Royal Palace of Belgium and from well-known personalities including Yves\nDUTEIL and Gilbert MONTAGNE.<\/strong><\/p>\t\t\t\t\t\t\t\t<\/div>\n\t\t\t\t<\/div>\n\t\t\t\t\t<\/div>\n\t\t<\/div>\n\t\t\t\t<div class=\"elementor-column elementor-col-50 elementor-top-column elementor-element elementor-element-36caf37\" data-id=\"36caf37\" data-element_type=\"column\">\n\t\t\t<div class=\"elementor-widget-wrap elementor-element-populated\">\n\t\t\t\t\t\t<div class=\"elementor-element elementor-element-c04fbd3 elementor-widget elementor-widget-image\" data-id=\"c04fbd3\" data-element_type=\"widget\" data-widget_type=\"image.default\">\n\t\t\t\t<div class=\"elementor-widget-container\">\n\t\t\t\t\t\t\t\t\t\t\t\t\t\t\t<img loading=\"lazy\" decoding=\"async\" width=\"800\" height=\"552\" src=\"https:\/\/mtprod.be\/wp-content\/uploads\/2019\/04\/presto.jpg\" class=\"attachment-large size-large wp-image-548\" alt=\"\" srcset=\"https:\/\/mtprod.be\/wp-content\/uploads\/2019\/04\/presto.jpg 800w, https:\/\/mtprod.be\/wp-content\/uploads\/2019\/04\/presto-300x207.jpg 300w, https:\/\/mtprod.be\/wp-content\/uploads\/2019\/04\/presto-768x530.jpg 768w, https:\/\/mtprod.be\/wp-content\/uploads\/2019\/04\/presto-420x290.jpg 420w, https:\/\/mtprod.be\/wp-content\/uploads\/2019\/04\/presto-780x538.jpg 780w\" sizes=\"(max-width: 800px) 100vw, 800px\" \/>\t\t\t\t\t\t\t\t\t\t\t\t\t\t\t<\/div>\n\t\t\t\t<\/div>\n\t\t\t\t<div class=\"elementor-element elementor-element-2488180 elementor-widget elementor-widget-text-editor\" data-id=\"2488180\" data-element_type=\"widget\" data-widget_type=\"text-editor.default\">\n\t\t\t\t<div class=\"elementor-widget-container\">\n\t\t\t\t\t\t\t\t\t<p>One of Chritian G\u00e9rard's most important creations is the game \u00ab\u00a0<b>Presto, the little Musician \u00bb<\/b>.\u00a0<\/p><p><span style=\"font-size: 14px;\">\"Presto\" received the  \u00ab\u00a0<\/span><b style=\"font-family: inherit; font-style: inherit;\">Price of the Jury \u00bb by the Belgium Game Federation at the contest \"Game of the year\" 2007<\/b><span style=\"font-size: 14px;\"> !\u00a0<\/span><\/p><p><span style=\"font-size: 14px;\">It is also certified by the program \u00ab\u00a0<\/span><b style=\"font-family: inherit; font-style: inherit;\">European Year of the Creativity and the Innovation 2009<\/b><span style=\"font-size: 14px;\">\u00a0\u00bb in Luxembourg !\u00a0<\/span><\/p>\t\t\t\t\t\t\t\t<\/div>\n\t\t\t\t<\/div>\n\t\t\t\t<div class=\"elementor-element elementor-element-a5e1a1b elementor-align-center elementor-widget elementor-widget-button\" data-id=\"a5e1a1b\" data-element_type=\"widget\" data-widget_type=\"button.default\">\n\t\t\t\t<div class=\"elementor-widget-container\">\n\t\t\t\t\t\t\t\t\t<div class=\"elementor-button-wrapper\">\n\t\t\t\t\t<a class=\"elementor-button elementor-button-link elementor-size-sm\" href=\"\/en\/presto-le-petit-musicien\/\">\n\t\t\t\t\t\t<span class=\"elementor-button-content-wrapper\">\n\t\t\t\t\t\t\t\t\t<span class=\"elementor-button-text\">DISCOVER <font color=\"#842e5e\">  THE GAME<\/font><\/span>\n\t\t\t\t\t<\/span>\n\t\t\t\t\t<\/a>\n\t\t\t\t<\/div>\n\t\t\t\t\t\t\t\t<\/div>\n\t\t\t\t<\/div>\n\t\t\t\t<div class=\"elementor-element elementor-element-10aa75a elementor-widget elementor-widget-text-editor\" data-id=\"10aa75a\" data-element_type=\"widget\" data-widget_type=\"text-editor.default\">\n\t\t\t\t<div class=\"elementor-widget-container\">\n\t\t\t\t\t\t\t\t\t<p><span style=\"font-family: Roboto, sans-serif; font-size: 14px; font-style: normal; font-weight: 400;\">Finally, music for teaching purposes makes up another essential part of Chistian's production.\u00a0<\/span><\/p><p><span style=\"font-family: Roboto, sans-serif; font-size: 14px; font-style: normal; font-weight: 400;\">Based on his teaching experience, <\/span><span style=\"font-family: Roboto, sans-serif; font-size: 14px; font-style: normal;\"><b>Christian GERARD develops teaching and learning materials specially designed for use in music schools, academies and Conservatory.<\/b><\/span><\/p>\t\t\t\t\t\t\t\t<\/div>\n\t\t\t\t<\/div>\n\t\t\t\t\t<\/div>\n\t\t<\/div>\n\t\t\t\t\t<\/div>\n\t\t<\/section>\n\t\t\t\t<section class=\"elementor-section elementor-top-section elementor-element elementor-element-c4727f5 elementor-section-boxed elementor-section-height-default elementor-section-height-default elementor-invisible\" data-id=\"c4727f5\" data-element_type=\"section\" data-settings=\"{&quot;background_background&quot;:&quot;classic&quot;,&quot;animation&quot;:&quot;fadeInUp&quot;}\">\n\t\t\t\t\t\t<div class=\"elementor-container elementor-column-gap-default\">\n\t\t\t\t\t<div class=\"elementor-column elementor-col-50 elementor-top-column elementor-element elementor-element-2faa3f6\" data-id=\"2faa3f6\" data-element_type=\"column\" data-settings=\"{&quot;background_background&quot;:&quot;classic&quot;}\">\n\t\t\t<div class=\"elementor-widget-wrap elementor-element-populated\">\n\t\t\t\t\t\t<div class=\"elementor-element elementor-element-f8f199a elementor-widget elementor-widget-image\" data-id=\"f8f199a\" data-element_type=\"widget\" data-widget_type=\"image.default\">\n\t\t\t\t<div class=\"elementor-widget-container\">\n\t\t\t\t\t\t\t\t\t\t\t\t\t\t\t<img loading=\"lazy\" decoding=\"async\" width=\"679\" height=\"528\" src=\"https:\/\/mtprod.be\/wp-content\/uploads\/2019\/03\/Michel-FUGAIN.jpeg\" class=\"attachment-large size-large wp-image-98\" alt=\"\" srcset=\"https:\/\/mtprod.be\/wp-content\/uploads\/2019\/03\/Michel-FUGAIN.jpeg 679w, https:\/\/mtprod.be\/wp-content\/uploads\/2019\/03\/Michel-FUGAIN-300x233.jpeg 300w\" sizes=\"(max-width: 679px) 100vw, 679px\" \/>\t\t\t\t\t\t\t\t\t\t\t\t\t\t\t<\/div>\n\t\t\t\t<\/div>\n\t\t\t\t\t<\/div>\n\t\t<\/div>\n\t\t\t\t<div class=\"elementor-column elementor-col-50 elementor-top-column elementor-element elementor-element-fc02c59\" data-id=\"fc02c59\" data-element_type=\"column\" data-settings=\"{&quot;background_background&quot;:&quot;classic&quot;}\">\n\t\t\t<div class=\"elementor-widget-wrap elementor-element-populated\">\n\t\t\t\t\t\t<div class=\"elementor-element elementor-element-74aa8bb elementor-widget elementor-widget-spacer\" data-id=\"74aa8bb\" data-element_type=\"widget\" data-widget_type=\"spacer.default\">\n\t\t\t\t<div class=\"elementor-widget-container\">\n\t\t\t\t\t\t\t<div class=\"elementor-spacer\">\n\t\t\t<div class=\"elementor-spacer-inner\"><\/div>\n\t\t<\/div>\n\t\t\t\t\t\t<\/div>\n\t\t\t\t<\/div>\n\t\t\t\t<div class=\"elementor-element elementor-element-cae37d7 elementor-widget elementor-widget-heading\" data-id=\"cae37d7\" data-element_type=\"widget\" data-widget_type=\"heading.default\">\n\t\t\t\t<div class=\"elementor-widget-container\">\n\t\t\t\t\t<h2 class=\"elementor-heading-title elementor-size-default\">SOME FACETS OF THE ARTIST :<\/h2>\t\t\t\t<\/div>\n\t\t\t\t<\/div>\n\t\t\t\t<div class=\"elementor-element elementor-element-13e9723 elementor-widget elementor-widget-text-editor\" data-id=\"13e9723\" data-element_type=\"widget\" data-widget_type=\"text-editor.default\">\n\t\t\t\t<div class=\"elementor-widget-container\">\n\t\t\t\t\t\t\t\t\t<p>Performed for Prince Philippe of Belgium at the inauguration of a science exhibition at the Palais des\nExpositions in Namur, Belgium.<\/p><p>Performed for the Luxembourg grand-ducal couple on the occasion of their Joyeuse Entr\u00e9e in Grevenmacher.<\/p><p>Performed with Michel FUGAIN.<\/p><p>Classical accordion internship with Wjatscheslaw Semyonov, international concert accordionist, composer,\nteacher and professor at the GNESSIN institute in Moscow and at the Conservatory in Rostov.<\/p><p>Numerous works of harmonization and musical arrangement.<\/p><p>Conducting instrumental groups and choirs.<\/p><p>Various positions as an organist.<\/p><p>Numerous concerts (classical music, children\u2019s shows, entertainment).<\/p>\t\t\t\t\t\t\t\t<\/div>\n\t\t\t\t<\/div>\n\t\t\t\t\t<\/div>\n\t\t<\/div>\n\t\t\t\t\t<\/div>\n\t\t<\/section>\n\t\t\t\t<\/div>","protected":false},"excerpt":{"rendered":"<p>BIOGRAPHIE Qui est Christian GERARD ? Compositeur belge n\u00e9 en 1971. Originaire de Sambreville (BE), il r\u00e9side \u00e0 Bastogne (BE), apr\u00e8s avoir s\u00e9journ\u00e9 \u00e0 Nancy (FR) et \u00e0 Clervaux (GDL). Il est dipl\u00f4m\u00e9 du Conservatoire Royal de Musique de Mons. Il est professeur d\u2019accord\u00e9on classique, de formation musicale, d\u2019harmonie et de claviers modernes (Keyboard, synth\u00e9tiseurs, &hellip;<\/p>","protected":false},"author":1,"featured_media":0,"parent":0,"menu_order":0,"comment_status":"closed","ping_status":"closed","template":"elementor_header_footer","meta":{"footnotes":""},"class_list":["post-88","page","type-page","status-publish","hentry","entry entry-center"],"_links":{"self":[{"href":"https:\/\/mtprod.be\/en\/wp-json\/wp\/v2\/pages\/88","targetHints":{"allow":["GET"]}}],"collection":[{"href":"https:\/\/mtprod.be\/en\/wp-json\/wp\/v2\/pages"}],"about":[{"href":"https:\/\/mtprod.be\/en\/wp-json\/wp\/v2\/types\/page"}],"author":[{"embeddable":true,"href":"https:\/\/mtprod.be\/en\/wp-json\/wp\/v2\/users\/1"}],"replies":[{"embeddable":true,"href":"https:\/\/mtprod.be\/en\/wp-json\/wp\/v2\/comments?post=88"}],"version-history":[{"count":46,"href":"https:\/\/mtprod.be\/en\/wp-json\/wp\/v2\/pages\/88\/revisions"}],"predecessor-version":[{"id":1043,"href":"https:\/\/mtprod.be\/en\/wp-json\/wp\/v2\/pages\/88\/revisions\/1043"}],"wp:attachment":[{"href":"https:\/\/mtprod.be\/en\/wp-json\/wp\/v2\/media?parent=88"}],"curies":[{"name":"wp","href":"https:\/\/api.w.org\/{rel}","templated":true}]}}